{"id":9804,"date":"2025-06-24T11:31:40","date_gmt":"2025-06-24T09:31:40","guid":{"rendered":"https:\/\/amokmallorca.com\/?page_id=9804"},"modified":"2026-03-04T15:26:55","modified_gmt":"2026-03-04T14:26:55","slug":"work-with-us","status":"publish","type":"page","link":"https:\/\/amokmallorca.rwdesarrollos.es\/en\/work-with-us\/","title":{"rendered":"WORK WITH US"},"content":{"rendered":"<div data-elementor-type=\"wp-page\" data-elementor-id=\"9804\" class=\"elementor elementor-9804\" data-elementor-post-type=\"page\">\n\t\t\t\t<div class=\"elementor-element elementor-element-48f11f5 e-con-full video-banner e-flex e-con e-parent\" data-id=\"48f11f5\" data-element_type=\"container\" data-e-type=\"container\" data-settings=\"{&quot;background_background&quot;:&quot;classic&quot;}\">\n\t\t\t\t<\/div>\n\t\t<div class=\"elementor-element elementor-element-742a901 e-con-full e-flex e-con e-parent\" data-id=\"742a901\" data-element_type=\"container\" data-e-type=\"container\">\n\t\t<div class=\"elementor-element elementor-element-4dfabc2 e-con-full e-flex e-con e-child\" data-id=\"4dfabc2\" data-element_type=\"container\" data-e-type=\"container\">\n\t\t\t\t<div class=\"elementor-element elementor-element-00db4eb elementor-widget elementor-widget-heading\" data-id=\"00db4eb\" data-element_type=\"widget\" data-e-type=\"widget\" data-widget_type=\"heading.default\">\n\t\t\t\t<div class=\"elementor-widget-container\">\n\t\t\t\t\t<h1 class=\"elementor-heading-title elementor-size-default\">\u00daNETE AL EQUIP\u00d8<\/h1>\t\t\t\t<\/div>\n\t\t\t\t<\/div>\n\t\t\t\t<div class=\"elementor-element elementor-element-64d1060 elementor-widget elementor-widget-text-editor\" data-id=\"64d1060\" data-element_type=\"widget\" data-e-type=\"widget\" data-widget_type=\"text-editor.default\">\n\t\t\t\t<div class=\"elementor-widget-container\">\n\t\t\t\t\t\t\t\t\t<div class=\"TypographyPresentation TypographyPresentation--medium RichText3-paragraph--withVSpacingNormal RichText3-paragraph HighlightSol HighlightSol--buildingBlock\">En AM\u00d8K buscamos talento con actitud, compromiso y ganas de formar parte de algo grande.\u00a0<\/div>\t\t\t\t\t\t\t\t<\/div>\n\t\t\t\t<\/div>\n\t\t\t\t<div class=\"elementor-element elementor-element-6e94097 elementor-widget elementor-widget-text-editor\" data-id=\"6e94097\" data-element_type=\"widget\" data-e-type=\"widget\" data-widget_type=\"text-editor.default\">\n\t\t\t\t<div class=\"elementor-widget-container\">\n\t\t\t\t\t\t\t\t\t<div class=\"TypographyPresentation TypographyPresentation--medium RichText3-paragraph--withVSpacingNormal RichText3-paragraph HighlightSol HighlightSol--buildingBlock\">Si te ves dentro del universo AM\u00d8K, rellena el formulario.<\/div>\t\t\t\t\t\t\t\t<\/div>\n\t\t\t\t<\/div>\n\t\t\t\t<div class=\"elementor-element elementor-element-9dcf1e2 elementor-widget elementor-widget-shortcode\" data-id=\"9dcf1e2\" data-element_type=\"widget\" data-e-type=\"widget\" data-widget_type=\"shortcode.default\">\n\t\t\t\t<div class=\"elementor-widget-container\">\n\t\t\t\t\t\t\t<div class=\"elementor-shortcode\">\n<div class=\"wpcf7 no-js\" id=\"wpcf7-f9813-o1\" lang=\"es-ES\" dir=\"ltr\" data-wpcf7-id=\"9813\">\n<div class=\"screen-reader-response\"><p role=\"status\" aria-live=\"polite\" aria-atomic=\"true\"><\/p> <ul><\/ul><\/div>\n<form action=\"\/en\/wp-json\/wp\/v2\/pages\/9804#wpcf7-f9813-o1\" method=\"post\" class=\"wpcf7-form init\" aria-label=\"Formulario de contacto\" enctype=\"multipart\/form-data\" novalidate=\"novalidate\" data-status=\"init\" data-trp-original-action=\"\/en\/wp-json\/wp\/v2\/pages\/9804#wpcf7-f9813-o1\">\n<fieldset class=\"hidden-fields-container\"><input type=\"hidden\" name=\"_wpcf7\" value=\"9813\" \/><input type=\"hidden\" name=\"_wpcf7_version\" value=\"6.1.5\" \/><input type=\"hidden\" name=\"_wpcf7_locale\" value=\"es_ES\" \/><input type=\"hidden\" name=\"_wpcf7_unit_tag\" value=\"wpcf7-f9813-o1\" \/><input type=\"hidden\" name=\"_wpcf7_container_post\" value=\"0\" \/><input type=\"hidden\" name=\"_wpcf7_posted_data_hash\" value=\"\" \/>\n<\/fieldset>\n<div class=\"campos-form\">\n\n  <label class=\"seleccion-puesto elemento-form\">\n    <span class=\"wpcf7-form-control-wrap\" data-name=\"opciones\"><select class=\"wpcf7-form-control wpcf7-select wpcf7-validates-as-required\" aria-required=\"true\" aria-invalid=\"false\" name=\"opciones\"><option value=\"Seleccionar el puesto\">Seleccionar el puesto<\/option><option value=\"Personal de barra \/ Camarero\/a VIP\">Personal de barra \/ Camarero\/a VIP<\/option><option value=\"Relaciones p\u00fablicas \/ Ticketing\">Relaciones p\u00fablicas \/ Ticketing<\/option><option value=\"Atenci\u00f3n al cliente \/ Taquilla \/ Guest List\">Atenci\u00f3n al cliente \/ Taquilla \/ Guest List<\/option><option value=\"Marketing y comunicaci\u00f3n \/ Community management\">Marketing y comunicaci\u00f3n \/ Community management<\/option><option value=\"Promotores \/ Producci\u00f3n de eventos\">Promotores \/ Producci\u00f3n de eventos<\/option><option value=\"Direcci\u00f3n art\u00edstica \/ Programaci\u00f3n \/ Booking\">Direcci\u00f3n art\u00edstica \/ Programaci\u00f3n \/ Booking<\/option><option value=\"Contenidos visuales \/ Fotograf\u00eda y video \/ Dise\u00f1o gr\u00e1fico\">Contenidos visuales \/ Fotograf\u00eda y video \/ Dise\u00f1o gr\u00e1fico<\/option><option value=\"Sonido e iluminaci\u00f3n\">Sonido e iluminaci\u00f3n<\/option><option value=\"Visuales \/ VJ\">Visuales \/ VJ<\/option><option value=\"Stage management \/ Hospitality artistas\">Stage management \/ Hospitality artistas<\/option><option value=\"Mantenimiento \/ Limpieza\">Mantenimiento \/ Limpieza<\/option><option value=\"Otros\">Otros<\/option><\/select><\/span>\n  <\/label>\n\n  <label>\n    <span class=\"wpcf7-form-control-wrap\" data-name=\"your-name\"><input size=\"40\" maxlength=\"400\" class=\"wpcf7-form-control wpcf7-text wpcf7-validates-as-required\" autocomplete=\"name\" aria-required=\"true\" aria-invalid=\"false\" placeholder=\"Nombre completo*\" value=\"\" type=\"text\" name=\"your-name\" \/><\/span> \n  <\/label>\n\n<\/div>\n\n<div class=\"campos-form\">\n\n  <label class=\"elemento-form\">\n    <span class=\"wpcf7-form-control-wrap\" data-name=\"your-phone\"><input size=\"40\" maxlength=\"400\" class=\"wpcf7-form-control wpcf7-tel wpcf7-text wpcf7-validates-as-tel\" autocomplete=\"tel\" aria-invalid=\"false\" placeholder=\"Telephone\" value=\"\" type=\"tel\" name=\"your-phone\" \/><\/span> \n  <\/label>\n  <label class=\"\">\n    <span class=\"wpcf7-form-control-wrap\" data-name=\"your-email\"><input size=\"40\" maxlength=\"400\" class=\"wpcf7-form-control wpcf7-email wpcf7-validates-as-required wpcf7-text wpcf7-validates-as-email\" autocomplete=\"email\" aria-required=\"true\" aria-invalid=\"false\" placeholder=\"Email*\" value=\"\" type=\"email\" name=\"your-email\" \/><\/span>\n  <\/label>\n\n<\/div>\n\n<label>\n    <span class=\"wpcf7-form-control-wrap\" data-name=\"your-message\"><textarea cols=\"40\" rows=\"10\" maxlength=\"2000\" class=\"wpcf7-form-control wpcf7-textarea\" aria-invalid=\"false\" placeholder=\"Message\" name=\"your-message\"><\/textarea><\/span> \n<\/label>\n\n <div class=\"curriculum\">Cargar su CV:<\/div>\n<label class=\"archivo-cv\">\n    <span class=\"wpcf7-form-control-wrap\" data-name=\"file-301\"><input size=\"40\" class=\"wpcf7-form-control wpcf7-file wpcf7-validates-as-required\" accept=\"application\/pdf,image\/jpeg,image\/png\" aria-required=\"true\" aria-invalid=\"false\" type=\"file\" name=\"file-301\" \/><\/span>\n<\/label>\n\n<div class=\"acept-privacidad\"><span class=\"wpcf7-form-control-wrap\" data-name=\"your-acceptance\"><span class=\"wpcf7-form-control wpcf7-acceptance\"><span class=\"wpcf7-list-item\"><label><input type=\"checkbox\" name=\"your-acceptance\" value=\"1\" aria-invalid=\"false\" \/><span class=\"wpcf7-list-item-label\">I have read and accept the <a href=\"https:\/\/amokmallorca.rwdesarrollos.es\/en\/aviso-legal\/\" target=\"_blank\">condiciones legales<\/a>, <a href=\"https:\/\/amokmallorca.rwdesarrollos.es\/en\/privacy-policy\/\" target=\"_blank\">la pol\u00edtica de privacidad<\/a> y la <a href=\"https:\/\/amokmallorca.rwdesarrollos.es\/en\/privacy-policy\/#proteccion-datos\" target=\"_blank\"> protecci\u00f3n de datos<\/span><\/label><\/span><\/span><\/span> <\/a><\/div>\n\n<div style=\"margin-top:50px;\"><input class=\"wpcf7-form-control wpcf7-submit has-spinner\" type=\"submit\" value=\"Send\" \/><\/div><div class=\"wpcf7-response-output\" aria-hidden=\"true\"><\/div>\n<input type=\"hidden\" name=\"trp-form-language\" value=\"en\"\/><\/form>\n<\/div>\n<\/div>\n\t\t\t\t\t\t<\/div>\n\t\t\t\t<\/div>\n\t\t\t\t<\/div>\n\t\t\t\t<\/div>\n\t\t<div class=\"elementor-element elementor-element-0435aaf e-con-full video-banner elementor-hidden-widescreen elementor-hidden-desktop elementor-hidden-laptop elementor-hidden-tablet_extra elementor-hidden-tablet elementor-hidden-mobile_extra elementor-hidden-mobile e-flex e-con e-parent\" data-id=\"0435aaf\" data-element_type=\"container\" data-e-type=\"container\" data-settings=\"{&quot;background_background&quot;:&quot;classic&quot;}\">\n\t\t\t\t<\/div>\n\t\t<div class=\"elementor-element elementor-element-0f3c50a elementor-hidden-widescreen elementor-hidden-desktop elementor-hidden-laptop elementor-hidden-tablet_extra elementor-hidden-tablet elementor-hidden-mobile_extra elementor-hidden-mobile e-flex e-con-boxed e-con e-parent\" data-id=\"0f3c50a\" data-element_type=\"container\" data-e-type=\"container\">\n\t\t\t\t\t<div class=\"e-con-inner\">\n\t\t\t\t<div class=\"elementor-element elementor-element-ba7b068 elementor-widget elementor-widget-heading\" data-id=\"ba7b068\" data-element_type=\"widget\" data-e-type=\"widget\" data-widget_type=\"heading.default\">\n\t\t\t\t<div class=\"elementor-widget-container\">\n\t\t\t\t\t<h1 class=\"elementor-heading-title elementor-size-default\">\u00daNETE AL EQUIP\u00d8<\/h1>\t\t\t\t<\/div>\n\t\t\t\t<\/div>\n\t\t\t\t<div class=\"elementor-element elementor-element-ae8440a elementor-widget elementor-widget-text-editor\" data-id=\"ae8440a\" data-element_type=\"widget\" data-e-type=\"widget\" data-widget_type=\"text-editor.default\">\n\t\t\t\t<div class=\"elementor-widget-container\">\n\t\t\t\t\t\t\t\t\t<p>En AM\u00d8K buscamos talento con actitud, compromiso y ganas de formar parte de algo grande.\u00a0<\/p><p>Si te ves dentro del universo AM\u00d8K, rellena el formulario.<\/p>\t\t\t\t\t\t\t\t<\/div>\n\t\t\t\t<\/div>\n\t\t\t\t<div class=\"elementor-element elementor-element-ac35cd7 elementor-widget elementor-widget-shortcode\" data-id=\"ac35cd7\" data-element_type=\"widget\" data-e-type=\"widget\" data-widget_type=\"shortcode.default\">\n\t\t\t\t<div class=\"elementor-widget-container\">\n\t\t\t\t\t\t\t<div class=\"elementor-shortcode\">\n<div class=\"wpcf7 no-js\" id=\"wpcf7-f9813-o2\" lang=\"es-ES\" dir=\"ltr\" data-wpcf7-id=\"9813\">\n<div class=\"screen-reader-response\"><p role=\"status\" aria-live=\"polite\" aria-atomic=\"true\"><\/p> <ul><\/ul><\/div>\n<form action=\"\/en\/wp-json\/wp\/v2\/pages\/9804#wpcf7-f9813-o2\" method=\"post\" class=\"wpcf7-form init\" aria-label=\"Formulario de contacto\" enctype=\"multipart\/form-data\" novalidate=\"novalidate\" data-status=\"init\" data-trp-original-action=\"\/en\/wp-json\/wp\/v2\/pages\/9804#wpcf7-f9813-o2\">\n<fieldset class=\"hidden-fields-container\"><input type=\"hidden\" name=\"_wpcf7\" value=\"9813\" \/><input type=\"hidden\" name=\"_wpcf7_version\" value=\"6.1.5\" \/><input type=\"hidden\" name=\"_wpcf7_locale\" value=\"es_ES\" \/><input type=\"hidden\" name=\"_wpcf7_unit_tag\" value=\"wpcf7-f9813-o2\" \/><input type=\"hidden\" name=\"_wpcf7_container_post\" value=\"0\" \/><input type=\"hidden\" name=\"_wpcf7_posted_data_hash\" value=\"\" \/>\n<\/fieldset>\n<div class=\"campos-form\">\n\n  <label class=\"seleccion-puesto elemento-form\">\n    <span class=\"wpcf7-form-control-wrap\" data-name=\"opciones\"><select class=\"wpcf7-form-control wpcf7-select wpcf7-validates-as-required\" aria-required=\"true\" aria-invalid=\"false\" name=\"opciones\"><option value=\"Seleccionar el puesto\">Seleccionar el puesto<\/option><option value=\"Personal de barra \/ Camarero\/a VIP\">Personal de barra \/ Camarero\/a VIP<\/option><option value=\"Relaciones p\u00fablicas \/ Ticketing\">Relaciones p\u00fablicas \/ Ticketing<\/option><option value=\"Atenci\u00f3n al cliente \/ Taquilla \/ Guest List\">Atenci\u00f3n al cliente \/ Taquilla \/ Guest List<\/option><option value=\"Marketing y comunicaci\u00f3n \/ Community management\">Marketing y comunicaci\u00f3n \/ Community management<\/option><option value=\"Promotores \/ Producci\u00f3n de eventos\">Promotores \/ Producci\u00f3n de eventos<\/option><option value=\"Direcci\u00f3n art\u00edstica \/ Programaci\u00f3n \/ Booking\">Direcci\u00f3n art\u00edstica \/ Programaci\u00f3n \/ Booking<\/option><option value=\"Contenidos visuales \/ Fotograf\u00eda y video \/ Dise\u00f1o gr\u00e1fico\">Contenidos visuales \/ Fotograf\u00eda y video \/ Dise\u00f1o gr\u00e1fico<\/option><option value=\"Sonido e iluminaci\u00f3n\">Sonido e iluminaci\u00f3n<\/option><option value=\"Visuales \/ VJ\">Visuales \/ VJ<\/option><option value=\"Stage management \/ Hospitality artistas\">Stage management \/ Hospitality artistas<\/option><option value=\"Mantenimiento \/ Limpieza\">Mantenimiento \/ Limpieza<\/option><option value=\"Otros\">Otros<\/option><\/select><\/span>\n  <\/label>\n\n  <label>\n    <span class=\"wpcf7-form-control-wrap\" data-name=\"your-name\"><input size=\"40\" maxlength=\"400\" class=\"wpcf7-form-control wpcf7-text wpcf7-validates-as-required\" autocomplete=\"name\" aria-required=\"true\" aria-invalid=\"false\" placeholder=\"Nombre completo*\" value=\"\" type=\"text\" name=\"your-name\" \/><\/span> \n  <\/label>\n\n<\/div>\n\n<div class=\"campos-form\">\n\n  <label class=\"elemento-form\">\n    <span class=\"wpcf7-form-control-wrap\" data-name=\"your-phone\"><input size=\"40\" maxlength=\"400\" class=\"wpcf7-form-control wpcf7-tel wpcf7-text wpcf7-validates-as-tel\" autocomplete=\"tel\" aria-invalid=\"false\" placeholder=\"Telephone\" value=\"\" type=\"tel\" name=\"your-phone\" \/><\/span> \n  <\/label>\n  <label class=\"\">\n    <span class=\"wpcf7-form-control-wrap\" data-name=\"your-email\"><input size=\"40\" maxlength=\"400\" class=\"wpcf7-form-control wpcf7-email wpcf7-validates-as-required wpcf7-text wpcf7-validates-as-email\" autocomplete=\"email\" aria-required=\"true\" aria-invalid=\"false\" placeholder=\"Email*\" value=\"\" type=\"email\" name=\"your-email\" \/><\/span>\n  <\/label>\n\n<\/div>\n\n<label>\n    <span class=\"wpcf7-form-control-wrap\" data-name=\"your-message\"><textarea cols=\"40\" rows=\"10\" maxlength=\"2000\" class=\"wpcf7-form-control wpcf7-textarea\" aria-invalid=\"false\" placeholder=\"Message\" name=\"your-message\"><\/textarea><\/span> \n<\/label>\n\n <div class=\"curriculum\">Cargar su CV:<\/div>\n<label class=\"archivo-cv\">\n    <span class=\"wpcf7-form-control-wrap\" data-name=\"file-301\"><input size=\"40\" class=\"wpcf7-form-control wpcf7-file wpcf7-validates-as-required\" accept=\"application\/pdf,image\/jpeg,image\/png\" aria-required=\"true\" aria-invalid=\"false\" type=\"file\" name=\"file-301\" \/><\/span>\n<\/label>\n\n<div class=\"acept-privacidad\"><span class=\"wpcf7-form-control-wrap\" data-name=\"your-acceptance\"><span class=\"wpcf7-form-control wpcf7-acceptance\"><span class=\"wpcf7-list-item\"><label><input type=\"checkbox\" name=\"your-acceptance\" value=\"1\" aria-invalid=\"false\" \/><span class=\"wpcf7-list-item-label\">I have read and accept the <a href=\"https:\/\/amokmallorca.rwdesarrollos.es\/en\/aviso-legal\/\" target=\"_blank\">condiciones legales<\/a>, <a href=\"https:\/\/amokmallorca.rwdesarrollos.es\/en\/privacy-policy\/\" target=\"_blank\">la pol\u00edtica de privacidad<\/a> y la <a href=\"https:\/\/amokmallorca.rwdesarrollos.es\/en\/privacy-policy\/#proteccion-datos\" target=\"_blank\"> protecci\u00f3n de datos<\/span><\/label><\/span><\/span><\/span> <\/a><\/div>\n\n<div style=\"margin-top:50px;\"><input class=\"wpcf7-form-control wpcf7-submit has-spinner\" type=\"submit\" value=\"Send\" \/><\/div><div class=\"wpcf7-response-output\" aria-hidden=\"true\"><\/div>\n<input type=\"hidden\" name=\"trp-form-language\" value=\"en\"\/><\/form>\n<\/div>\n<\/div>\n\t\t\t\t\t\t<\/div>\n\t\t\t\t<\/div>\n\t\t\t\t\t<\/div>\n\t\t\t\t<\/div>\n\t\t\t\t<\/div>","protected":false},"excerpt":{"rendered":"<p>\u00daNETE AL EQUIP\u00d8 En AM\u00d8K buscamos talento con actitud, compromiso y ganas de formar parte de algo grande.\u00a0Si te ves dentro del universo AM\u00d8K, rellena el formulario. \u00daNETE AL EQUIP\u00d8 [&hellip;]<\/p>\n","protected":false},"author":3,"featured_media":0,"parent":0,"menu_order":0,"comment_status":"closed","ping_status":"closed","template":"","meta":{"_acf_changed":false,"_mbp_gutenberg_autopost":false,"footnotes":""},"class_list":["post-9804","page","type-page","status-publish","hentry"],"acf":[],"_links":{"self":[{"href":"https:\/\/amokmallorca.rwdesarrollos.es\/en\/wp-json\/wp\/v2\/pages\/9804","targetHints":{"allow":["GET"]}}],"collection":[{"href":"https:\/\/amokmallorca.rwdesarrollos.es\/en\/wp-json\/wp\/v2\/pages"}],"about":[{"href":"https:\/\/amokmallorca.rwdesarrollos.es\/en\/wp-json\/wp\/v2\/types\/page"}],"author":[{"embeddable":true,"href":"https:\/\/amokmallorca.rwdesarrollos.es\/en\/wp-json\/wp\/v2\/users\/3"}],"replies":[{"embeddable":true,"href":"https:\/\/amokmallorca.rwdesarrollos.es\/en\/wp-json\/wp\/v2\/comments?post=9804"}],"version-history":[{"count":65,"href":"https:\/\/amokmallorca.rwdesarrollos.es\/en\/wp-json\/wp\/v2\/pages\/9804\/revisions"}],"predecessor-version":[{"id":16545,"href":"https:\/\/amokmallorca.rwdesarrollos.es\/en\/wp-json\/wp\/v2\/pages\/9804\/revisions\/16545"}],"wp:attachment":[{"href":"https:\/\/amokmallorca.rwdesarrollos.es\/en\/wp-json\/wp\/v2\/media?parent=9804"}],"curies":[{"name":"wp","href":"https:\/\/api.w.org\/{rel}","templated":true}]}}