{"id":1904,"date":"2024-07-20T19:00:00","date_gmt":"2024-07-20T17:00:00","guid":{"rendered":"https:\/\/amokmallorca.com\/?page_id=1904"},"modified":"2026-03-04T16:39:51","modified_gmt":"2026-03-04T15:39:51","slug":"amok-the-island-paradox","status":"publish","type":"page","link":"https:\/\/amokmallorca.rwdesarrollos.es\/en\/","title":{"rendered":"AM\u00d8K - THE ISLAND PARAD\u00d8X"},"content":{"rendered":"<div data-elementor-type=\"wp-page\" data-elementor-id=\"1904\" class=\"elementor elementor-1904\" data-elementor-post-type=\"page\">\n\t\t\t\t<div class=\"elementor-element elementor-element-b608dac e-con-full video-banner e-flex e-con e-parent\" data-id=\"b608dac\" data-element_type=\"container\" data-e-type=\"container\">\n\t\t\t\t<div class=\"elementor-element elementor-element-017d2d9 elementor-widget elementor-widget-html\" data-id=\"017d2d9\" data-element_type=\"widget\" data-e-type=\"widget\" data-widget_type=\"html.default\">\n\t\t\t\t<div class=\"elementor-widget-container\">\n\t\t\t\t\t<video id=\"bg-video\" muted loop playsinline preload=\"auto\"\r\n  style=\"position:absolute; top:0; left:0; width:100vw; height:100vh; object-fit:cover; z-index:-1;\">\r\n  <source src=\"https:\/\/amokmallorca.rwdesarrollos.es\/wp-content\/uploads\/2026\/03\/Amok-Landing-Page.mp4\" type=\"video\/mp4\">\r\n<\/video>\r\n\r\n\r\n<script>\r\n  const video = document.getElementById('bg-video');\r\n\r\n  \/\/ Intento de autoplay al cargar (puede fallar en Safari)\r\n  video.play().catch(() => {\r\n    console.log('Autoplay fall\u00f3, esperando interacci\u00f3n...');\r\n  });\r\n\r\n  \/\/ Esperar m\u00ednima interacci\u00f3n para iniciar video (tap o scroll)\r\n  function iniciarVideo() {\r\n    video.play().catch(() => {\r\n      console.log('Reproducci\u00f3n fallida tras interacci\u00f3n');\r\n    });\r\n    \/\/ Eliminar los eventos para que no se repita\r\n    window.removeEventListener('touchstart', iniciarVideo);\r\n    window.removeEventListener('scroll', iniciarVideo);\r\n  }\r\n\r\n  window.addEventListener('touchstart', iniciarVideo, { once: true });\r\n  window.addEventListener('scroll', iniciarVideo, { once: true });\r\n<\/script>\r\n\t\t\t\t<\/div>\n\t\t\t\t<\/div>\n\t\t\t\t<\/div>\n\t\t<div class=\"elementor-element elementor-element-4146876 slider-peek e-con-full e-flex e-con e-parent\" data-id=\"4146876\" data-element_type=\"container\" data-e-type=\"container\">\n\t\t\t\t<div class=\"elementor-element elementor-element-1c9cf5d elementor-widget elementor-widget-heading\" data-id=\"1c9cf5d\" data-element_type=\"widget\" data-e-type=\"widget\" data-widget_type=\"heading.default\">\n\t\t\t\t<div class=\"elementor-widget-container\">\n\t\t\t\t\t<h2 class=\"elementor-heading-title elementor-size-default\">UPCOMING EVENTS<\/h2>\t\t\t\t<\/div>\n\t\t\t\t<\/div>\n\t\t\t\t<div class=\"elementor-element elementor-element-70cb4e5 carrusel-eventos elementor-widget elementor-widget-loop-carousel\" data-id=\"70cb4e5\" data-element_type=\"widget\" data-e-type=\"widget\" data-settings=\"{&quot;template_id&quot;:&quot;7506&quot;,&quot;autoplay_speed&quot;:6000,&quot;image_spacing_custom&quot;:{&quot;unit&quot;:&quot;px&quot;,&quot;size&quot;:25,&quot;sizes&quot;:[]},&quot;_skin&quot;:&quot;post&quot;,&quot;slides_to_show&quot;:&quot;3&quot;,&quot;slides_to_show_widescreen&quot;:&quot;3&quot;,&quot;slides_to_show_laptop&quot;:&quot;3&quot;,&quot;slides_to_show_tablet_extra&quot;:&quot;3&quot;,&quot;slides_to_show_tablet&quot;:&quot;2&quot;,&quot;slides_to_show_mobile_extra&quot;:&quot;2&quot;,&quot;slides_to_show_mobile&quot;:&quot;1&quot;,&quot;slides_to_scroll&quot;:&quot;1&quot;,&quot;edit_handle_selector&quot;:&quot;.elementor-loop-container&quot;,&quot;autoplay&quot;:&quot;yes&quot;,&quot;speed&quot;:500,&quot;image_spacing_custom_widescreen&quot;:{&quot;unit&quot;:&quot;px&quot;,&quot;size&quot;:&quot;&quot;,&quot;sizes&quot;:[]},&quot;image_spacing_custom_laptop&quot;:{&quot;unit&quot;:&quot;px&quot;,&quot;size&quot;:&quot;&quot;,&quot;sizes&quot;:[]},&quot;image_spacing_custom_tablet_extra&quot;:{&quot;unit&quot;:&quot;px&quot;,&quot;size&quot;:&quot;&quot;,&quot;sizes&quot;:[]},&quot;image_spacing_custom_tablet&quot;:{&quot;unit&quot;:&quot;px&quot;,&quot;size&quot;:&quot;&quot;,&quot;sizes&quot;:[]},&quot;image_spacing_custom_mobile_extra&quot;:{&quot;unit&quot;:&quot;px&quot;,&quot;size&quot;:&quot;&quot;,&quot;sizes&quot;:[]},&quot;image_spacing_custom_mobile&quot;:{&quot;unit&quot;:&quot;px&quot;,&quot;size&quot;:&quot;&quot;,&quot;sizes&quot;:[]}}\" data-widget_type=\"loop-carousel.post\">\n\t\t\t\t<div class=\"elementor-widget-container\">\n\t\t\t\t\t\t\t<div class=\"swiper elementor-loop-container elementor-grid\" role=\"list\" dir=\"ltr\">\n\t\t\t\t<div class=\"swiper-wrapper\" aria-live=\"off\">\n\t\t<style id=\"loop-7506\">.elementor-7506 .elementor-element.elementor-element-48391fba{--display:flex;--flex-direction:column;--container-widget-width:100%;--container-widget-height:initial;--container-widget-flex-grow:0;--container-widget-align-self:initial;--flex-wrap-mobile:wrap;--gap:20px 0px;--row-gap:20px;--column-gap:0px;--background-transition:0.3s;--margin-top:0px;--margin-bottom:0px;--margin-left:0px;--margin-right:0px;--padding-top:0px;--padding-bottom:0px;--padding-left:0px;--padding-right:0px;--z-index:1000000000;--e-con-transform-transition-duration:1500ms;}.elementor-7506 .elementor-element.elementor-element-48391fba.e-con:hover{--e-con-transform-scale:1.01;}.elementor-widget-theme-post-featured-image .widget-image-caption{color:var( --e-global-color-text );font-family:var( --e-global-typography-text-font-family ), Sans-serif;font-weight:var( --e-global-typography-text-font-weight );font-style:var( --e-global-typography-text-font-style );}.elementor-7506 .elementor-element.elementor-element-4118ded2 img{width:100%;border-radius:13px 13px 13px 13px;}@media(max-width:450px){.elementor-7506 .elementor-element.elementor-element-48391fba{--width:100%;--justify-content:flex-start;--gap:20px 0px;--row-gap:20px;--column-gap:0px;}}@media(min-width:451px){.elementor-7506 .elementor-element.elementor-element-48391fba{--width:100%;}}@media(max-width:1033px) and (min-width:451px){.elementor-7506 .elementor-element.elementor-element-48391fba{--width:100%;}}\/* Start custom CSS for container, class: .elementor-element-48391fba *\/.elementor-469 .elementor-element.elementor-element-85a2c27  {\n    text-decoration: none !important;}\/* End custom CSS *\/<\/style>\t\t<div data-elementor-type=\"loop-item\" data-elementor-id=\"7506\" class=\"elementor elementor-7506 swiper-slide e-loop-item e-loop-item-9049 post-9049 tribe_events type-tribe_events status-publish has-post-thumbnail hentry tribe_events_cat-iconic-nights cat_iconic-nights\" data-elementor-post-type=\"elementor_library\" role=\"group\" aria-roledescription=\"slide\" data-custom-edit-handle=\"1\">\n\t\t\t<a class=\"elementor-element elementor-element-48391fba e-transform e-con-full e-flex e-con e-parent\" data-id=\"48391fba\" data-element_type=\"container\" data-e-type=\"container\" data-settings=\"{&quot;_transform_scale_effect_hover&quot;:{&quot;unit&quot;:&quot;px&quot;,&quot;size&quot;:1.01,&quot;sizes&quot;:[]},&quot;_transform_scale_effect_hover_widescreen&quot;:{&quot;unit&quot;:&quot;px&quot;,&quot;size&quot;:&quot;&quot;,&quot;sizes&quot;:[]},&quot;_transform_scale_effect_hover_laptop&quot;:{&quot;unit&quot;:&quot;px&quot;,&quot;size&quot;:&quot;&quot;,&quot;sizes&quot;:[]},&quot;_transform_scale_effect_hover_tablet_extra&quot;:{&quot;unit&quot;:&quot;px&quot;,&quot;size&quot;:&quot;&quot;,&quot;sizes&quot;:[]},&quot;_transform_scale_effect_hover_tablet&quot;:{&quot;unit&quot;:&quot;px&quot;,&quot;size&quot;:&quot;&quot;,&quot;sizes&quot;:[]},&quot;_transform_scale_effect_hover_mobile_extra&quot;:{&quot;unit&quot;:&quot;px&quot;,&quot;size&quot;:&quot;&quot;,&quot;sizes&quot;:[]},&quot;_transform_scale_effect_hover_mobile&quot;:{&quot;unit&quot;:&quot;px&quot;,&quot;size&quot;:&quot;&quot;,&quot;sizes&quot;:[]}}\" href=\"https:\/\/amokmallorca.rwdesarrollos.es\/en\/evento\/crush\/\">\n\t\t\t\t<div class=\"elementor-element elementor-element-4118ded2 elementor-widget elementor-widget-theme-post-featured-image elementor-widget-image\" data-id=\"4118ded2\" data-element_type=\"widget\" data-e-type=\"widget\" data-widget_type=\"theme-post-featured-image.default\">\n\t\t\t\t<div class=\"elementor-widget-container\">\n\t\t\t\t\t\t\t\t\t\t\t\t\t\t\t<img fetchpriority=\"high\" decoding=\"async\" width=\"1333\" height=\"1600\" src=\"https:\/\/amokmallorca.rwdesarrollos.es\/wp-content\/uploads\/2025\/05\/Imagen-de-WhatsApp-2025-10-01-a-las-12.05.29_546f9b31_11zon-1_11zon_11zon-1.webp\" class=\"attachment-full size-full wp-image-14172\" alt=\"\" srcset=\"https:\/\/amokmallorca.rwdesarrollos.es\/wp-content\/uploads\/2025\/05\/Imagen-de-WhatsApp-2025-10-01-a-las-12.05.29_546f9b31_11zon-1_11zon_11zon-1.webp 1333w, https:\/\/amokmallorca.rwdesarrollos.es\/wp-content\/uploads\/2025\/05\/Imagen-de-WhatsApp-2025-10-01-a-las-12.05.29_546f9b31_11zon-1_11zon_11zon-1-250x300.webp 250w, https:\/\/amokmallorca.rwdesarrollos.es\/wp-content\/uploads\/2025\/05\/Imagen-de-WhatsApp-2025-10-01-a-las-12.05.29_546f9b31_11zon-1_11zon_11zon-1-853x1024.webp 853w, https:\/\/amokmallorca.rwdesarrollos.es\/wp-content\/uploads\/2025\/05\/Imagen-de-WhatsApp-2025-10-01-a-las-12.05.29_546f9b31_11zon-1_11zon_11zon-1-768x922.webp 768w, https:\/\/amokmallorca.rwdesarrollos.es\/wp-content\/uploads\/2025\/05\/Imagen-de-WhatsApp-2025-10-01-a-las-12.05.29_546f9b31_11zon-1_11zon_11zon-1-1280x1536.webp 1280w, https:\/\/amokmallorca.rwdesarrollos.es\/wp-content\/uploads\/2025\/05\/Imagen-de-WhatsApp-2025-10-01-a-las-12.05.29_546f9b31_11zon-1_11zon_11zon-1-10x12.webp 10w\" sizes=\"(max-width: 1333px) 100vw, 1333px\" \/>\t\t\t\t\t\t\t\t\t\t\t\t\t\t\t<\/div>\n\t\t\t\t<\/div>\n\t\t\t\t<\/a>\n\t\t\t\t<\/div>\n\t\t\t\t<\/div>\n\t\t<\/div>\n\t\t\t\t\t\t<\/div>\n\t\t\t\t<\/div>\n\t\t\t\t<div class=\"elementor-element elementor-element-4cd3925 elementor-align-center elementor-widget elementor-widget-button\" data-id=\"4cd3925\" data-element_type=\"widget\" data-e-type=\"widget\" data-widget_type=\"button.default\">\n\t\t\t\t<div class=\"elementor-widget-container\">\n\t\t\t\t\t\t\t\t\t<div class=\"elementor-button-wrapper\">\n\t\t\t\t\t<a class=\"elementor-button elementor-button-link elementor-size-sm\" href=\"https:\/\/amokmallorca.rwdesarrollos.es\/en\/buy-tickets\/\">\n\t\t\t\t\t\t<span class=\"elementor-button-content-wrapper\">\n\t\t\t\t\t\t\t\t\t<span class=\"elementor-button-text\">Ver todos<\/span>\n\t\t\t\t\t<\/span>\n\t\t\t\t\t<\/a>\n\t\t\t\t<\/div>\n\t\t\t\t\t\t\t\t<\/div>\n\t\t\t\t<\/div>\n\t\t\t\t<\/div>\n\t\t<div class=\"elementor-element elementor-element-4112fe0 info-banner e-con-full e-flex e-con e-parent\" data-id=\"4112fe0\" data-element_type=\"container\" data-e-type=\"container\" data-settings=\"{&quot;background_background&quot;:&quot;classic&quot;}\">\n\t\t<div class=\"elementor-element elementor-element-3c35c0f e-con-full e-flex e-con e-child\" data-id=\"3c35c0f\" data-element_type=\"container\" data-e-type=\"container\">\n\t\t\t\t<div class=\"elementor-element elementor-element-12bd3ff animated-slow elementor-invisible elementor-widget elementor-widget-heading\" data-id=\"12bd3ff\" data-element_type=\"widget\" data-e-type=\"widget\" data-settings=\"{&quot;_animation&quot;:&quot;fadeInLeft&quot;}\" data-widget_type=\"heading.default\">\n\t\t\t\t<div class=\"elementor-widget-container\">\n\t\t\t\t\t<h2 class=\"elementor-heading-title elementor-size-default\">DAY VIBES. CLUB NIGHTS<\/h2>\t\t\t\t<\/div>\n\t\t\t\t<\/div>\n\t\t\t\t<\/div>\n\t\t<div class=\"elementor-element elementor-element-99345c8 e-con-full e-flex e-con e-child\" data-id=\"99345c8\" data-element_type=\"container\" data-e-type=\"container\">\n\t\t\t\t<div class=\"elementor-element elementor-element-f4fb1ad elementor-widget elementor-widget-image\" data-id=\"f4fb1ad\" data-element_type=\"widget\" data-e-type=\"widget\" data-widget_type=\"image.default\">\n\t\t\t\t<div class=\"elementor-widget-container\">\n\t\t\t\t\t\t\t\t\t\t\t\t\t\t\t<img decoding=\"async\" width=\"658\" height=\"867\" src=\"https:\/\/amokmallorca.rwdesarrollos.es\/wp-content\/uploads\/2026\/02\/Logo-AMOK-dorado.png\" class=\"attachment-full size-full wp-image-15906\" alt=\"\" srcset=\"https:\/\/amokmallorca.rwdesarrollos.es\/wp-content\/uploads\/2026\/02\/Logo-AMOK-dorado.png 658w, https:\/\/amokmallorca.rwdesarrollos.es\/wp-content\/uploads\/2026\/02\/Logo-AMOK-dorado-228x300.png 228w, https:\/\/amokmallorca.rwdesarrollos.es\/wp-content\/uploads\/2026\/02\/Logo-AMOK-dorado-9x12.png 9w\" sizes=\"(max-width: 658px) 100vw, 658px\" \/>\t\t\t\t\t\t\t\t\t\t\t\t\t\t\t<\/div>\n\t\t\t\t<\/div>\n\t\t\t\t<\/div>\n\t\t<div class=\"elementor-element elementor-element-ece632a e-con-full e-flex e-con e-child\" data-id=\"ece632a\" data-element_type=\"container\" data-e-type=\"container\">\n\t\t\t\t<div class=\"elementor-element elementor-element-91a228b animated-slow elementor-invisible elementor-widget elementor-widget-heading\" data-id=\"91a228b\" data-element_type=\"widget\" data-e-type=\"widget\" data-settings=\"{&quot;_animation&quot;:&quot;fadeInRight&quot;}\" data-widget_type=\"heading.default\">\n\t\t\t\t<div class=\"elementor-widget-container\">\n\t\t\t\t\t<h2 class=\"elementor-heading-title elementor-size-default\">THIS IS AMOK<\/h2>\t\t\t\t<\/div>\n\t\t\t\t<\/div>\n\t\t\t\t<\/div>\n\t\t\t\t<\/div>\n\t\t<div class=\"elementor-element elementor-element-a02b5e7 slider-peek e-con-full e-flex e-con e-parent\" data-id=\"a02b5e7\" data-element_type=\"container\" data-e-type=\"container\">\n\t\t\t\t<div class=\"elementor-element elementor-element-648c320 elementor-widget elementor-widget-heading\" data-id=\"648c320\" data-element_type=\"widget\" data-e-type=\"widget\" data-widget_type=\"heading.default\">\n\t\t\t\t<div class=\"elementor-widget-container\">\n\t\t\t\t\t<h2 class=\"elementor-heading-title elementor-size-default\">GALER\u00cdA<\/h2>\t\t\t\t<\/div>\n\t\t\t\t<\/div>\n\t\t\t\t<div class=\"elementor-element elementor-element-066d9e4 carrusel-galeria elementor-widget elementor-widget-image-carousel\" data-id=\"066d9e4\" data-element_type=\"widget\" data-e-type=\"widget\" data-settings=\"{&quot;image_spacing_custom&quot;:{&quot;unit&quot;:&quot;px&quot;,&quot;size&quot;:25,&quot;sizes&quot;:[]},&quot;slides_to_show&quot;:&quot;3&quot;,&quot;slides_to_show_laptop&quot;:&quot;3&quot;,&quot;slides_to_show_mobile_extra&quot;:&quot;1&quot;,&quot;navigation&quot;:&quot;none&quot;,&quot;autoplay&quot;:&quot;yes&quot;,&quot;autoplay_speed&quot;:5000,&quot;infinite&quot;:&quot;yes&quot;,&quot;speed&quot;:500,&quot;image_spacing_custom_widescreen&quot;:{&quot;unit&quot;:&quot;px&quot;,&quot;size&quot;:&quot;&quot;,&quot;sizes&quot;:[]},&quot;image_spacing_custom_laptop&quot;:{&quot;unit&quot;:&quot;px&quot;,&quot;size&quot;:&quot;&quot;,&quot;sizes&quot;:[]},&quot;image_spacing_custom_tablet_extra&quot;:{&quot;unit&quot;:&quot;px&quot;,&quot;size&quot;:&quot;&quot;,&quot;sizes&quot;:[]},&quot;image_spacing_custom_tablet&quot;:{&quot;unit&quot;:&quot;px&quot;,&quot;size&quot;:&quot;&quot;,&quot;sizes&quot;:[]}}\" data-widget_type=\"image-carousel.default\">\n\t\t\t\t<div class=\"elementor-widget-container\">\n\t\t\t\t\t\t\t<div class=\"elementor-image-carousel-wrapper swiper\" role=\"region\" aria-roledescription=\"carousel\" aria-label=\"Carrusel de im\u00e1genes\" dir=\"ltr\">\n\t\t\t<div class=\"elementor-image-carousel swiper-wrapper\" aria-live=\"off\">\n\t\t\t\t\t\t\t\t<div class=\"swiper-slide\" role=\"group\" aria-roledescription=\"slide\" aria-label=\"1 de 7\"><a data-elementor-open-lightbox=\"yes\" data-elementor-lightbox-slideshow=\"066d9e4\" data-e-action-hash=\"#elementor-action%3Aaction%3Dlightbox%26settings%3DeyJpZCI6MTQyNjgsInVybCI6Imh0dHBzOlwvXC9hbW9rbWFsbG9yY2EucndkZXNhcnJvbGxvcy5lc1wvd3AtY29udGVudFwvdXBsb2Fkc1wvMjAyNVwvMTBcL0E3NDA4NzQ5LndlYnAiLCJzbGlkZXNob3ciOiIwNjZkOWU0In0%3D\" href=\"https:\/\/amokmallorca.rwdesarrollos.es\/wp-content\/uploads\/2025\/10\/A7408749.webp\"><figure class=\"swiper-slide-inner\"><img decoding=\"async\" class=\"swiper-slide-image\" src=\"https:\/\/amokmallorca.rwdesarrollos.es\/wp-content\/uploads\/elementor\/thumbs\/A7408749-rfnz4k417uk9lxgvln2npu2jgmaqoh3zr9lil017zw.webp\" alt=\"A7408749\" \/><\/figure><\/a><\/div><div class=\"swiper-slide\" role=\"group\" aria-roledescription=\"slide\" aria-label=\"2 de 7\"><a data-elementor-open-lightbox=\"yes\" data-elementor-lightbox-slideshow=\"066d9e4\" data-e-action-hash=\"#elementor-action%3Aaction%3Dlightbox%26settings%3DeyJpZCI6MTQyNjcsInVybCI6Imh0dHBzOlwvXC9hbW9rbWFsbG9yY2EucndkZXNhcnJvbGxvcy5lc1wvd3AtY29udGVudFwvdXBsb2Fkc1wvMjAyNVwvMTBcL0E3NDAyMzY1LndlYnAiLCJzbGlkZXNob3ciOiIwNjZkOWU0In0%3D\" href=\"https:\/\/amokmallorca.rwdesarrollos.es\/wp-content\/uploads\/2025\/10\/A7402365.webp\"><figure class=\"swiper-slide-inner\"><img decoding=\"async\" class=\"swiper-slide-image\" src=\"https:\/\/amokmallorca.rwdesarrollos.es\/wp-content\/uploads\/elementor\/thumbs\/A7402365-rfnz4k417uk9lxgvln2npu2jgmaqoh3zr9lil017zw.webp\" alt=\"A7402365\" \/><\/figure><\/a><\/div><div class=\"swiper-slide\" role=\"group\" aria-roledescription=\"slide\" aria-label=\"3 de 7\"><a data-elementor-open-lightbox=\"yes\" data-elementor-lightbox-slideshow=\"066d9e4\" data-e-action-hash=\"#elementor-action%3Aaction%3Dlightbox%26settings%3DeyJpZCI6MTQyNjUsInVybCI6Imh0dHBzOlwvXC9hbW9rbWFsbG9yY2EucndkZXNhcnJvbGxvcy5lc1wvd3AtY29udGVudFwvdXBsb2Fkc1wvMjAyNVwvMTBcL0E3NDA4Njk1LndlYnAiLCJzbGlkZXNob3ciOiIwNjZkOWU0In0%3D\" href=\"https:\/\/amokmallorca.rwdesarrollos.es\/wp-content\/uploads\/2025\/10\/A7408695.webp\"><figure class=\"swiper-slide-inner\"><img decoding=\"async\" class=\"swiper-slide-image\" src=\"https:\/\/amokmallorca.rwdesarrollos.es\/wp-content\/uploads\/elementor\/thumbs\/A7408695-rfnz4k417uk9lxgvln2npu2jgmaqoh3zr9lil017zw.webp\" alt=\"A7408695\" \/><\/figure><\/a><\/div><div class=\"swiper-slide\" role=\"group\" aria-roledescription=\"slide\" aria-label=\"4 de 7\"><a data-elementor-open-lightbox=\"yes\" data-elementor-lightbox-slideshow=\"066d9e4\" data-e-action-hash=\"#elementor-action%3Aaction%3Dlightbox%26settings%3DeyJpZCI6MTQyNjQsInVybCI6Imh0dHBzOlwvXC9hbW9rbWFsbG9yY2EucndkZXNhcnJvbGxvcy5lc1wvd3AtY29udGVudFwvdXBsb2Fkc1wvMjAyNVwvMTBcL0E3NDA4NzUxLndlYnAiLCJzbGlkZXNob3ciOiIwNjZkOWU0In0%3D\" href=\"https:\/\/amokmallorca.rwdesarrollos.es\/wp-content\/uploads\/2025\/10\/A7408751.webp\"><figure class=\"swiper-slide-inner\"><img decoding=\"async\" class=\"swiper-slide-image\" src=\"https:\/\/amokmallorca.rwdesarrollos.es\/wp-content\/uploads\/elementor\/thumbs\/A7408751-rfnz4k417uk9lxgvln2npu2jgmaqoh3zr9lil017zw.webp\" alt=\"A7408751\" \/><\/figure><\/a><\/div><div class=\"swiper-slide\" role=\"group\" aria-roledescription=\"slide\" aria-label=\"5 de 7\"><a data-elementor-open-lightbox=\"yes\" data-elementor-lightbox-slideshow=\"066d9e4\" data-e-action-hash=\"#elementor-action%3Aaction%3Dlightbox%26settings%3DeyJpZCI6MTQyNjMsInVybCI6Imh0dHBzOlwvXC9hbW9rbWFsbG9yY2EucndkZXNhcnJvbGxvcy5lc1wvd3AtY29udGVudFwvdXBsb2Fkc1wvMjAyNVwvMTBcL0E3NDA4ODc2LndlYnAiLCJzbGlkZXNob3ciOiIwNjZkOWU0In0%3D\" href=\"https:\/\/amokmallorca.rwdesarrollos.es\/wp-content\/uploads\/2025\/10\/A7408876.webp\"><figure class=\"swiper-slide-inner\"><img decoding=\"async\" class=\"swiper-slide-image\" src=\"https:\/\/amokmallorca.rwdesarrollos.es\/wp-content\/uploads\/elementor\/thumbs\/A7408876-rfnz4k417uk9lxgvln2npu2jgmaqoh3zr9lil017zw.webp\" alt=\"A7408876\" \/><\/figure><\/a><\/div><div class=\"swiper-slide\" role=\"group\" aria-roledescription=\"slide\" aria-label=\"6 de 7\"><a data-elementor-open-lightbox=\"yes\" data-elementor-lightbox-slideshow=\"066d9e4\" data-e-action-hash=\"#elementor-action%3Aaction%3Dlightbox%26settings%3DeyJpZCI6MTQyNjIsInVybCI6Imh0dHBzOlwvXC9hbW9rbWFsbG9yY2EucndkZXNhcnJvbGxvcy5lc1wvd3AtY29udGVudFwvdXBsb2Fkc1wvMjAyNVwvMTBcL0E3NDA4NzE0LndlYnAiLCJzbGlkZXNob3ciOiIwNjZkOWU0In0%3D\" href=\"https:\/\/amokmallorca.rwdesarrollos.es\/wp-content\/uploads\/2025\/10\/A7408714.webp\"><figure class=\"swiper-slide-inner\"><img decoding=\"async\" class=\"swiper-slide-image\" src=\"https:\/\/amokmallorca.rwdesarrollos.es\/wp-content\/uploads\/elementor\/thumbs\/A7408714-rfnz4k417uk9lxgvln2npu2jgmaqoh3zr9lil017zw.webp\" alt=\"A7408714\" \/><\/figure><\/a><\/div><div class=\"swiper-slide\" role=\"group\" aria-roledescription=\"slide\" aria-label=\"7 de 7\"><a data-elementor-open-lightbox=\"yes\" data-elementor-lightbox-slideshow=\"066d9e4\" data-e-action-hash=\"#elementor-action%3Aaction%3Dlightbox%26settings%3DeyJpZCI6MTQyNjEsInVybCI6Imh0dHBzOlwvXC9hbW9rbWFsbG9yY2EucndkZXNhcnJvbGxvcy5lc1wvd3AtY29udGVudFwvdXBsb2Fkc1wvMjAyNVwvMTBcL0E3NDAyMjk1LndlYnAiLCJzbGlkZXNob3ciOiIwNjZkOWU0In0%3D\" href=\"https:\/\/amokmallorca.rwdesarrollos.es\/wp-content\/uploads\/2025\/10\/A7402295.webp\"><figure class=\"swiper-slide-inner\"><img decoding=\"async\" class=\"swiper-slide-image\" src=\"https:\/\/amokmallorca.rwdesarrollos.es\/wp-content\/uploads\/elementor\/thumbs\/A7402295-rfnz4l1veoljxjfig5haabu02063w67q3e9029ztto.webp\" alt=\"A7402295\" \/><\/figure><\/a><\/div>\t\t\t<\/div>\n\t\t\t\t\t\t\t\n\t\t\t\t\t\t\t\t\t<\/div>\n\t\t\t\t\t\t<\/div>\n\t\t\t\t<\/div>\n\t\t\t\t<\/div>\n\t\t<div class=\"elementor-element elementor-element-7e01b7d e-con-full info-banner e-flex e-con e-parent\" data-id=\"7e01b7d\" data-element_type=\"container\" data-e-type=\"container\" id=\"circulo-amok\" data-settings=\"{&quot;background_background&quot;:&quot;classic&quot;}\">\n\t\t<div class=\"elementor-element elementor-element-cd2710d e-con-full e-flex e-con e-child\" data-id=\"cd2710d\" data-element_type=\"container\" data-e-type=\"container\">\n\t\t\t\t<div class=\"elementor-element elementor-element-676d058 elementor-widget elementor-widget-heading\" data-id=\"676d058\" data-element_type=\"widget\" data-e-type=\"widget\" data-widget_type=\"heading.default\">\n\t\t\t\t<div class=\"elementor-widget-container\">\n\t\t\t\t\t<h2 class=\"elementor-heading-title elementor-size-default\">\u00daNETE AL C\u00cdRCULO AM\u00d8K<\/h2>\t\t\t\t<\/div>\n\t\t\t\t<\/div>\n\t\t\t\t<div class=\"elementor-element elementor-element-fa25730 elementor-widget elementor-widget-heading\" data-id=\"fa25730\" data-element_type=\"widget\" data-e-type=\"widget\" data-widget_type=\"heading.default\">\n\t\t\t\t<div class=\"elementor-widget-container\">\n\t\t\t\t\t<span class=\"elementor-heading-title elementor-size-default\">Are you ready to dive into the experience that will change the way you live music?\n<\/span>\t\t\t\t<\/div>\n\t\t\t\t<\/div>\n\t\t\t\t<div class=\"elementor-element elementor-element-0d51d9c elementor-widget elementor-widget-shortcode\" data-id=\"0d51d9c\" data-element_type=\"widget\" data-e-type=\"widget\" data-widget_type=\"shortcode.default\">\n\t\t\t\t<div class=\"elementor-widget-container\">\n\t\t\t\t\t\t\t<div class=\"elementor-shortcode\">\n<div class=\"wpcf7 no-js\" id=\"wpcf7-f16549-o1\" lang=\"es-ES\" dir=\"ltr\" data-wpcf7-id=\"16549\">\n<div class=\"screen-reader-response\"><p role=\"status\" aria-live=\"polite\" aria-atomic=\"true\"><\/p> <ul><\/ul><\/div>\n<form action=\"\/en\/wp-json\/wp\/v2\/pages\/1904#wpcf7-f16549-o1\" method=\"post\" class=\"wpcf7-form init\" aria-label=\"Formulario de contacto\" novalidate=\"novalidate\" data-status=\"init\" data-trp-original-action=\"\/en\/wp-json\/wp\/v2\/pages\/1904#wpcf7-f16549-o1\">\n<fieldset class=\"hidden-fields-container\"><input type=\"hidden\" name=\"_wpcf7\" value=\"16549\" \/><input type=\"hidden\" name=\"_wpcf7_version\" value=\"6.1.5\" \/><input type=\"hidden\" name=\"_wpcf7_locale\" value=\"es_ES\" \/><input type=\"hidden\" name=\"_wpcf7_unit_tag\" value=\"wpcf7-f16549-o1\" \/><input type=\"hidden\" name=\"_wpcf7_container_post\" value=\"0\" \/><input type=\"hidden\" name=\"_wpcf7_posted_data_hash\" value=\"\" \/>\n<\/fieldset>\n<label style=\"width: 100%\"><span class=\"wpcf7-form-control-wrap\" data-name=\"your-email\"><input size=\"40\" maxlength=\"400\" class=\"wpcf7-form-control wpcf7-email wpcf7-validates-as-required wpcf7-text wpcf7-validates-as-email\" aria-required=\"true\" aria-invalid=\"false\" placeholder=\"Email*\" value=\"\" type=\"email\" name=\"your-email\" \/><\/span> <\/label>\n\n<lavel><span class=\"wpcf7-form-control-wrap\" data-name=\"your-acceptance\"><span class=\"wpcf7-form-control wpcf7-acceptance\"><span class=\"wpcf7-list-item\"><label><input type=\"checkbox\" name=\"your-acceptance\" value=\"1\" aria-invalid=\"false\" \/><span class=\"wpcf7-list-item-label\">I have read and accept the <a href=\"https:\/\/amokmallorca.com\/aviso-legal\/\" target=\"_blank\" rel=\"noopener\"> condiciones legales <\/a> y la <a href=\"https:\/\/amokmallorca.com\/politica-privacidad\/\" target=\"_blank\" rel=\"noopener\">pol\u00edtica de privacidad<\/a><\/span><\/label><\/span><\/span><\/span><\/label>\n\n<div style=\"margin-top:30px;\"><input class=\"wpcf7-form-control wpcf7-submit has-spinner\" type=\"submit\" value=\"Send\" \/><\/div><div class=\"wpcf7-response-output\" aria-hidden=\"true\"><\/div>\n<input type=\"hidden\" name=\"trp-form-language\" value=\"en\"\/><\/form>\n<\/div>\n<\/div>\n\t\t\t\t\t\t<\/div>\n\t\t\t\t<\/div>\n\t\t\t\t<\/div>\n\t\t\t\t<\/div>\n\t\t\t\t<\/div>","protected":false},"excerpt":{"rendered":"<p>PR\u00d3XIMOS EVENTOS Ver todos DAY VIBES. CLUB NIGHTS THIS IS AMOK GALER\u00cdA \u00danete al c\u00edrculo AM\u00d8K \u00bfEst\u00e1s listo para sumergirte en la experiencia que cambiar\u00e1 tu forma de vivir la [&hellip;]<\/p>\n","protected":false},"author":1,"featured_media":0,"parent":0,"menu_order":0,"comment_status":"closed","ping_status":"closed","template":"","meta":{"_acf_changed":false,"_mbp_gutenberg_autopost":false,"footnotes":""},"class_list":["post-1904","page","type-page","status-publish","hentry","cat_iconic-nights"],"acf":[],"_links":{"self":[{"href":"https:\/\/amokmallorca.rwdesarrollos.es\/en\/wp-json\/wp\/v2\/pages\/1904","targetHints":{"allow":["GET"]}}],"collection":[{"href":"https:\/\/amokmallorca.rwdesarrollos.es\/en\/wp-json\/wp\/v2\/pages"}],"about":[{"href":"https:\/\/amokmallorca.rwdesarrollos.es\/en\/wp-json\/wp\/v2\/types\/page"}],"author":[{"embeddable":true,"href":"https:\/\/amokmallorca.rwdesarrollos.es\/en\/wp-json\/wp\/v2\/users\/1"}],"replies":[{"embeddable":true,"href":"https:\/\/amokmallorca.rwdesarrollos.es\/en\/wp-json\/wp\/v2\/comments?post=1904"}],"version-history":[{"count":749,"href":"https:\/\/amokmallorca.rwdesarrollos.es\/en\/wp-json\/wp\/v2\/pages\/1904\/revisions"}],"predecessor-version":[{"id":16571,"href":"https:\/\/amokmallorca.rwdesarrollos.es\/en\/wp-json\/wp\/v2\/pages\/1904\/revisions\/16571"}],"wp:attachment":[{"href":"https:\/\/amokmallorca.rwdesarrollos.es\/en\/wp-json\/wp\/v2\/media?parent=1904"}],"curies":[{"name":"wp","href":"https:\/\/api.w.org\/{rel}","templated":true}]}}